{"id":243,"date":"2021-05-05T08:57:46","date_gmt":"2021-05-05T08:57:46","guid":{"rendered":"https:\/\/cyber-versicherung-experten.info\/?page_id=243"},"modified":"2021-08-13T09:34:12","modified_gmt":"2021-08-13T09:34:12","slug":"gehackt-help","status":"publish","type":"page","link":"https:\/\/cyber-versicherung-experten.info\/?page_id=243","title":{"rendered":"# HELP | ge-hacked"},"content":{"rendered":"\n<h2 class=\"wp-block-heading\">Die besten Versicherungen &gt;&gt;&gt;<em> online<\/em>-g\u00fcnstig +++ TOP-Bedingungen +++ TOP-Service !<\/h2>\n\n\n\n<figure class=\"wp-block-image\"><img loading=\"lazy\" decoding=\"async\" width=\"1024\" height=\"344\" src=\"https:\/\/cyber-versicherung-experten.info\/wp-content\/uploads\/2020\/12\/vet_web_logo_3_1400px-1024x344.jpg\" alt=\"\" class=\"wp-image-14\" srcset=\"https:\/\/cyber-versicherung-experten.info\/wp-content\/uploads\/2020\/12\/vet_web_logo_3_1400px-1024x344.jpg 1024w, https:\/\/cyber-versicherung-experten.info\/wp-content\/uploads\/2020\/12\/vet_web_logo_3_1400px-300x101.jpg 300w, https:\/\/cyber-versicherung-experten.info\/wp-content\/uploads\/2020\/12\/vet_web_logo_3_1400px-768x258.jpg 768w, https:\/\/cyber-versicherung-experten.info\/wp-content\/uploads\/2020\/12\/vet_web_logo_3_1400px.jpg 1400w\" sizes=\"auto, (max-width: 1024px) 100vw, 1024px\" \/><\/figure>\n\n\n\n<blockquote class=\"wp-block-quote is-layout-flow wp-block-quote-is-layout-flow\"><p><mark><strong>&gt;&gt;&gt; HILFE &#8211; ich wurde ge-*hacked*!!!!<\/strong>   <\/mark><br><br><strong><mark> &#8212; WAS TUN ???<\/mark><\/strong><\/p><\/blockquote>\n\n\n\n<p><\/p>\n\n\n\n<figure class=\"wp-block-image size-large is-resized\"><a href=\"https:\/\/www.roland-rechtsschutz.de\/konto-handy-email-gehackt\/\"><img loading=\"lazy\" decoding=\"async\" src=\"https:\/\/cyber-versicherung-experten.info\/wp-content\/uploads\/2021\/05\/cyber_roland-rs_tipps_1-1024x610.jpg\" alt=\"\" class=\"wp-image-249\" width=\"1024\" height=\"610\" srcset=\"https:\/\/cyber-versicherung-experten.info\/wp-content\/uploads\/2021\/05\/cyber_roland-rs_tipps_1-1024x610.jpg 1024w, https:\/\/cyber-versicherung-experten.info\/wp-content\/uploads\/2021\/05\/cyber_roland-rs_tipps_1-300x179.jpg 300w, https:\/\/cyber-versicherung-experten.info\/wp-content\/uploads\/2021\/05\/cyber_roland-rs_tipps_1-768x458.jpg 768w, https:\/\/cyber-versicherung-experten.info\/wp-content\/uploads\/2021\/05\/cyber_roland-rs_tipps_1.jpg 1094w\" sizes=\"auto, (max-width: 1024px) 100vw, 1024px\" \/><\/a><figcaption><a href=\"https:\/\/www.roland-rechtsschutz.de\/konto-handy-email-gehackt\/\" target=\"_blank\" rel=\"noreferrer noopener\">\u00a9 ROLAND-Rechtsschutz<\/a><\/figcaption><\/figure>\n\n\n\n<p><strong>Ja, nur noch schnell mal &#8230; Computer\/Laptop\/Tablet  an und dann kommt nur noch *FATAL ERROR*&#8230; Stattdessen musst Du jetzt gleich mehrere Fragen auf einmal beantworten: <\/strong><br><br><strong><mark>Was kann ich jetzt tun?<\/mark><\/strong> &#8212; <strong><mark>Was sonst wurde gehackt?<\/mark><\/strong> &#8212; <strong><mark>Nur mein Email-Account oder ist vielleicht sogar mein Online-Banking in Gefahr?<\/mark><\/strong><\/p>\n\n\n\n<p>Mit einem Schlag ist nicht nur dein Privatleben, sondern wom\u00f6glich auch dein Homeoffice-Arbeitsplatz unsicher geworden. Dein privates Surfen, aber auch wichtige Bankgesch\u00e4fte m\u00fcssen schleunigst gesichert werden.<\/p>\n\n\n\n<p>\u201eGehackt zu werden, verschafft dem User ein mehr als ungutes Gef\u00fchl. Aber es gibt ausreichend Ma\u00dfnahmen, die rasch Abhilfe schaffen\u201c, sagt Clemens Adori, Fachanwalt f\u00fcr Urheber- und Medienrecht.<\/p>\n\n\n\n<p><strong>Email, Smartphone, Laptop oder auch dein Ebay-Konto \u2013 wie erkennst du, ob du gehackt wurdest? Und vor allem: Was kannst du dagegen tun?<\/strong> <br>In diesem Artikel findest du die Informationen, die dich wieder ruhig schlafen lassen.<br><br><strong><mark># Wurde ich gehackt? &#8211;&gt; So findet man\/frau es heraus:<\/mark><\/strong><\/p>\n\n\n\n<p>Um \u00fcberpr\u00fcfen zu k\u00f6nnen, ob du auch wirklich gehackt worden bist, kannst du <strong><mark>im ersten Schritt spezielle Online-Services nutzen<\/mark><\/strong>. \u00dcber solche speziellen Websites kannst du sofort feststellen, ob jemand an deinen Daten interessiert war. &#8211;&gt; Solche Services greifen auf gro\u00dfe Datenbest\u00e4nde und Hacks zur\u00fcck und k\u00f6nnen in Sekundenschnelle z. B. deine Email-Adresse mit diesen abgleichen. Ein weiterer <strong>Service<\/strong> kommt <strong>vom Hasso-Plattner-Institut<\/strong>.<\/p>\n\n\n\n<h1 class=\"wp-block-heading\">So kannst du feststellen, ob du gehackt worden bist. Vielleicht kommen dir diese Anzeichen bekannt vor.<\/h1>\n\n\n\n<pre class=\"wp-block-code\"><code> \u2022 Deine Bank meldet verd\u00e4chtige Kreditkarten-Zahlungen im Ausland.\n \u2022 Deine Freunde fragen dich, warum du ihnen st\u00e4ndig Spam schicken.\n \u2022 Du kannst dich weder bei Facebook noch bei Instagram einloggen.\n \u2022 Dein PC blendet mehr Werbung ein als gew\u00f6hnlich.\n \u2022 Ger\u00e4te wie PC, Laptop oder Handy haben einen stark erh\u00f6hten Akkuverbrauch.\n \u2022 Dein Email-Konto wurde gesperrt, da es viel Spam verschickt hat.<\/code><\/pre>\n\n\n\n<h1 class=\"wp-block-heading\">Email gehackt: was tun?<\/h1>\n\n\n\n<p>Du kannst einen oder sogar mehrere von diesen Punkten erkennen? Keine Panik\u2013 aber du solltest besser schnell handeln. Dein Email-Account ist dabei nicht nur f\u00fcr dich pers\u00f6nlich der sensibelste. Ist der Email-Account gehackt, so k\u00f6nnen \u00fcber den Zugriff auch andere deiner Accounts \u00fcbernommen werden.<\/p>\n\n\n\n<p>Soweit dir das m\u00f6glich ist, solltest du als erstes dein Passwort \u00e4ndern.<\/p>\n\n\n\n<p>Rechtsanwalt Clemens Adori r\u00e4t hierzu: \u201eEin Passwort sollte m\u00f6glichst individuell erstellt werden. Leicht erratbare Kombinationen wie Zahlenreihen sind unbedingt zu vermeiden.\u201c<\/p>\n\n\n\n<p>Das hei\u00dft: Dein Passwort darf auf keinen Fall \u201e123456\u201c (Nr. 1 der beliebtesten deutschen Passw\u00f6rter) lauten, um zu vermeiden, dass deine Email gehackt wird! Daneben sollten deine anderen Accounts selbstverst\u00e4ndlich verschiedene Passw\u00f6rter erhalten.<\/p>\n\n\n\n<p>Hier die Empfehlungen der Verbraucherzentrale, wie man ein sicheres Passwort erstellt:<\/p>\n\n\n\n<pre class=\"wp-block-code\"><code>\u2022 Passw\u00f6rter sollten eine L\u00e4nge von mindestens zehn Zeichen besitzen und aus Gro\u00df- und Kleinbuchstaben, Zahlen und Sonderzeichen bestehen.\n\u2022 Es gilt die Formel: je l\u00e4nger, desto besser.\n\u2022 Jedes Portal bzw. jeder Account erh\u00e4lt ein eigenes Passwort!\n\u2022 Vom Anbieter vorgeschlagene Passw\u00f6rter sollten bald ge\u00e4ndert werden.\n\u2022 TOP-TIPP: Eselsbr\u00fccken kreieren sichere Passw\u00f6rter, die man sich zudem gut merken kann, z. B. \u201eWer anderen eine Grube gr\u00e4bt, f\u00e4llt selbst hinein\u201c...<\/code><\/pre>\n\n\n\n<figure class=\"wp-block-image size-full\"><a href=\"https:\/\/www.mr-money.de\/cookievgl.php?sp=cybr&amp;id=dmu&amp;subid=00100547\"><img loading=\"lazy\" decoding=\"async\" width=\"686\" height=\"338\" src=\"https:\/\/cyber-versicherung-experten.info\/wp-content\/uploads\/2021\/08\/Internet-Schutzbrief_deg.jpg\" alt=\"\" class=\"wp-image-320\" srcset=\"https:\/\/cyber-versicherung-experten.info\/wp-content\/uploads\/2021\/08\/Internet-Schutzbrief_deg.jpg 686w, https:\/\/cyber-versicherung-experten.info\/wp-content\/uploads\/2021\/08\/Internet-Schutzbrief_deg-300x148.jpg 300w\" sizes=\"auto, (max-width: 686px) 100vw, 686px\" \/><\/a><figcaption><strong>Gut &amp; G\u00dcNSTIG- SCHUTZ f\u00fcr das Private Risiko !<\/strong><\/figcaption><\/figure>\n\n\n\n<figure class=\"wp-block-image size-full\"><a href=\"https:\/\/www.cyberdirekt.de\/link\/a84b1bd1-2971-7af8-d101-c12035a47153\"><img loading=\"lazy\" decoding=\"async\" width=\"516\" height=\"289\" src=\"https:\/\/cyber-versicherung-experten.info\/wp-content\/uploads\/2021\/08\/cyberdirekt_log_2_firmen.jpg\" alt=\"\" class=\"wp-image-321\" srcset=\"https:\/\/cyber-versicherung-experten.info\/wp-content\/uploads\/2021\/08\/cyberdirekt_log_2_firmen.jpg 516w, https:\/\/cyber-versicherung-experten.info\/wp-content\/uploads\/2021\/08\/cyberdirekt_log_2_firmen-300x168.jpg 300w\" sizes=\"auto, (max-width: 516px) 100vw, 516px\" \/><\/a><\/figure>\n\n\n\n<h1 class=\"wp-block-heading\">Smartphone oder Handy gehackt: was tun?<\/h1>\n\n\n\n<p>Wenn wir unser Spielzeug Nr. 1 nicht mehr bedienen k\u00f6nnen, scheint die Welt stehenzubleiben. Dazu sind wir einfach zu sehr an das Ger\u00e4t und seine Apps gewohnt. Ans Telefonieren und Textnachrichten verschicken nat\u00fcrlich auch. Was kannst du also tun, wenn jemand dein Handy gehackt hat?<\/p>\n\n\n\n<pre class=\"wp-block-code\"><code>Starte dein Smartphone im abgesicherten Modus.\nDrittanbieteranwendungen k\u00f6nnen so nicht geladen werden.\n\u00dcber die Sicherheitseinstellungen solltest du alle Ger\u00e4teadministratoren entfernen.\nEin Virenschutz hilft, alle Apps zu \u00fcberpr\u00fcfen und sch\u00e4dliche Anwendungen und fragw\u00fcrdige Dateien zu entfernen.\nGilt sowohl f\u00fcr die Android-Versionen als auch bei iOS: Den installierten Apps kannst du nun die Berechtigungen entziehen, die du nicht mehr ben\u00f6tigst.\nAufwendig, aber hilfreich: Smartphone auf die Werkseinstellung zur\u00fccksetzen! Die SD-Karte sollte ebenfalls neu formatiert werden.\n\u00c4ndere alle Passw\u00f6rter auf deinem Handy!\nWill dein Handy danach immer noch nicht so wie du \u2013 bring es zum Spezialisten deines Vertrauens.<\/code><\/pre>\n\n\n\n<h1 class=\"wp-block-heading\">Laptop oder PC gehackt: was tun?<\/h1>\n\n\n\n<p>Du besitzt einen Laptop? Oder nutzt sogar einen PC zum Arbeiten im Homeoffice? Dann ist es besonders wichtig, dass das Ger\u00e4t funktioniert. Was aber k\u00f6nntest du tun, wenn dein PC gehackt wurde?<\/p>\n\n\n\n<p>Zuerst musst du sicher sein, dass er auch wirklich gehackt wurde. Dass kann man daran erkennen, dass er sich geradezu \u201eauff\u00e4llig\u201c verh\u00e4lt. Erh\u00e4ltst du beispielsweise eine Meldung, dass dein PC oder die Festplatte verschl\u00fcsselt wurde, will der Hacker an dein Geld. Dann liegt eine sogenannte Ransomware bzw. ein Verschl\u00fcsselungstrojaner vor, wodurch man dich erpressen will: Erst nach Zahlung eines \u201eL\u00f6segeldes\u201c wird der PC wieder entschl\u00fcsselt. Geht es \u201enur\u201c um das Ausspionieren von Daten, k\u00f6nntest du das meist nicht direkt erkennen.<\/p>\n\n\n\n<p>\u00dcber \u201eLeistungen\u201c im Taskmanager kannst du beobachten, ob die Festplatte, insbesondere der RAM oder die CPU permanent zu hoch belastet werden. Wenn ja, muss du davon ausgehen, dass dein Laptop gehackt worden ist oder dein PC unerw\u00fcnschte Besucher hatte.<br>Bankkonto gehackt: Wer haftet f\u00fcr den Schaden?<\/p>\n\n\n\n<p>Wenn jemand dein Online-Banking gehackt hat, dann kann es dich noch schlimmer getroffen haben. Unabh\u00e4ngig von der H\u00f6he des verlorenen Betrages kommt es ganz auf den Einzelfall an, wer daf\u00fcr haftet. Die Gesetzeslage ist hier aber grunds\u00e4tzlich verbraucherfreundlich.<\/p>\n\n\n\n<p>Nach Paragraf 675u BGB hast du Anspr\u00fcche gegen deine Bank auf Schadenersatz. Wichtig ist nur, dass die falschen Abbuchungen der Bank schnell gemeldet werden; das verhindert nicht nur gr\u00f6\u00dfere Sch\u00e4den, sondern l\u00f6st auch die \u201cunverz\u00fcgliche\u201d Pflicht zur Erstattung aus.<\/p>\n\n\n\n<p>\u201eDer Bankkunde muss aber sorgf\u00e4ltig sein, wenn es um Online-Banking und Zugangsdaten und die damit verbundene Hardware \u2013 z. B. das f\u00fcr die Authentifizierung genutzte Smartphone \u2013 geht. Bei Verlust kann die Bank nach Paragraf 675v BGB Schadenersatz in H\u00f6he von 50 Euro vom Kunden verlangen\u201c, erkl\u00e4rt Rechtsexperte Clemens Adori.<\/p>\n\n\n\n<p>Dass man seine Bankkarte nicht mit der Geheimzahl daneben im Geldbeutel aufbewahren sollte, ist wohl jedem klar.<\/p>\n\n\n\n<p>Kann sich die Bank sogar weigern, den abhanden gekommenen Geldbetrag zur\u00fcckzuerstatten? Ja, auch dieser Fall ist m\u00f6glich. N\u00e4mlich dann, wenn du den Zahlungsvorgang in betr\u00fcgerischer Absicht erm\u00f6glicht hast oder du deinen Sorgfaltspflichten in grob fahrl\u00e4ssiger Weise nicht nachgekommen bist. Was genau als \u201cgrob fahrl\u00e4ssig\u201c angesehen wird, m\u00fcssen dann im Einzelfall ggf. Gerichte entscheiden.<\/p>\n\n\n\n<p>Deshalb solltest du darauf achten, dass du \u2026<\/p>\n\n\n\n<pre class=\"wp-block-code\"><code>\u2022 Online-Banking nur auf sicheren Ger\u00e4ten (mit ausreichend Virenschutz) durchf\u00fchrst\n\u2022 Deine PIN oder TAN nie herausgibst (die Banken warnen extra davor, dass kein Mitarbeiter deine Daten per Telefon oder Mail erfragt!)<\/code><\/pre>\n\n\n\n<h1 class=\"wp-block-heading\">Ebay- oder Amazon-Konto gehackt: Wer haftet daf\u00fcr?<\/h1>\n\n\n\n<p>Jemand hat dein Amazon-Konto gehackt? Wer haftet in diesem Fall, wenn der Betr\u00fcger Waren in deinem Namen gekauft hat?<\/p>\n\n\n\n<p>Amazon \u00e4u\u00dfert sich hierzu wie folgt: Bei missbr\u00e4uchlicher Verwendung einer Kreditkarte \u00fcbernehmen die Banken entweder alle entstandenen Kosten oder sie begrenzen die Haftung auf Eigenbeteiligung auf maximal 50 Euro. Dieser Eigenanteil wird dann von Amazon.de \u00fcbernommen. Aber auch hier gilt nat\u00fcrlich, dass der Missbrauch nicht von dir (mit-)verschuldet wurde.<\/p>\n\n\n\n<p>Ist dagegen dein Ebay-Konto gehackt worden und du fragst dich, wer haftet, so liegt der Fall sogar noch g\u00fcnstiger f\u00fcr dich. Wenn Produkte in betr\u00fcgerischer Absicht \u00fcber dein Konto gekauft oder verkauft wurden, haftest du als Kontoinhaber normalerweise nicht f\u00fcr deinen gehackten Account.<br>Kann ich Schadenersatz fordern, wenn ich gehackt worden bin?<\/p>\n\n\n\n<p>Wenn die Firma gehackt wurde, bei der deine Daten gespeichert sind, kann es schwierig werden, einen solchen \u201eDatenklau\u201c als Schadenersatz geltend zu machen.<\/p>\n\n\n\n<p>Wurde bei der Firma gegen die neue EU-Datenschutz-Grundverordnung versto\u00dfen, so ist dort in Artikel 82 f\u00fcr jeden Betroffenen ein Schadensersatzanspruch ins Gesetz geschrieben worden.<\/p>\n\n\n\n<p>\u201eDie Durchsetzung dieses Anspruchs steht aber meist auf wackligen Beinen. Denn daf\u00fcr muss man den Versto\u00df gegen die DSGVO im Zweifel nachweisen k\u00f6nnen und selbst, wenn dies gelingt, ist es oft gar nicht so einfach, die genaue Schadensh\u00f6he zu beziffern, die exakt auf diesem Versto\u00df zur\u00fcckzuf\u00fchren sein muss\u201c, so Rechtsexperte Clemens Adori.<br>Account gehackt: So geht es weiter<\/p>\n\n\n\n<p>\u00c4hnlich wie beim Missbrauch des Smartphones oder PCs kommt es meist auf die richtige \u201eerste Hilfe\u201c an, um einen noch gr\u00f6\u00dferen Schaden zu vermeiden. Bereits er\u00f6rtert wurde die Haftung f\u00fcr den Fall, dass dein Amazon-Konto oder Ebay-Konto gehackt wurde.<\/p>\n\n\n\n<p>Daneben gibt es jedoch noch viele weitere F\u00e4lle, in denen dein Account gehackt werden kann. Auch f\u00fcr diese Beispiele im E-Commerce oder bei deinen Social-Media-Accounts sind allgemeine Hinweise und Tipps zu befolgen:<\/p>\n\n\n\n<pre class=\"wp-block-code\"><code>- Facebook-Profil gehackt\n- Instagram-Account gehackt\n- Google-Konto gehackt\n- Spotify-Account gehackt\n- Netflix-Account gehackt<\/code><\/pre>\n\n\n\n<p>Als allerersten Schritt solltest du dein Passwort \u00e4ndern und entsprechende Sicherheitsfragen \u00e4ndern bzw. zur\u00fccksetzen. Unbedingt solltest du auch verd\u00e4chtige Aktivit\u00e4ten \u00fcberpr\u00fcfen: Wurden deine Freunde nach einem Email-Hack von dir angeschrieben oder haben sie zuletzt Spamnachrichten von dir erhalten?<\/p>\n\n\n\n<p>Das Bundesamt f\u00fcr Sicherheit in der Informationstechnik (BSI) gibt weiterf\u00fchrende Hilfestellungen, was man tun kann, wenn Social-Media-Accounts (z. B. auch LinkedIn oder Xing) gehackt wurden.<\/p>\n\n\n\n<h1 class=\"wp-block-heading\">Gehackt als Arbeitnehmer: Welche Konsequenzen drohen?<\/h1>\n\n\n\n<p>Stell dir den Fall vor, dass dein Firmenlaptop gehackt worden ist.<\/p>\n\n\n\n<p>Damit dein Arbeitgeber einen Anspruch gegen dich erheben kann, muss erstens ein Schaden entstanden sein und dieser muss zweitens in deinen Verantwortungsbereich fallen. Grunds\u00e4tzlich muss deine Firma bzw. dein Arbeitgeber selbst die IT-Sicherheit gew\u00e4hrleisten. Er sollte also bereits pr\u00e4ventiv gegen Hackerangriffe t\u00e4tig gewesen sein.<\/p>\n\n\n\n<p>Dir wiederum muss wie gesagt eine Pflichtverletzung vorgeworfen werden k\u00f6nnen. \u201eHier ist zwischen leichter, mittlerer und grober Fahrl\u00e4ssigkeit zu unterscheiden\u201c, f\u00fchrt Anwalt Clemens Adori aus. Letztere ist etwa dann gegeben, wenn du den mit Kundendaten gespickten Firmenlaptop im Restaurant liegen l\u00e4sst.<\/p>\n\n\n\n<p>Was einem dann bl\u00fchen kann?  <strong><mark>Wenn wie im beschriebenen Fall grobe Fahrl\u00e4ssigkeit vorliegt, haftest du umfassend f\u00fcr den entstandenen Schaden.<\/mark><\/strong><\/p>\n\n\n\n<p><strong><mark>Liegt mittlere Fahrl\u00e4ssigkeit vor, so kann der Schaden beispielsweise von dir und deinem Arbeitgeber h\u00e4lftig \u00fcbernommen werden.<\/mark><\/strong> <br>&#8211;&gt; Um die Berechnung des Schadenersatzes genauer bestimmen zu k\u00f6nnen, kommt es auf verschiedene Faktoren an, wie z. B.:<\/p>\n\n\n\n<pre class=\"wp-block-code\"><code>\u2022 Ist die T\u00e4tigkeit des Arbeitnehmers ohnehin bereits \u201egefahrgeneigt\u201c?\n\u2022 War das Risiko f\u00fcr den Arbeitnehmer versicherbar?\n\u2022 Auch Schadensh\u00f6he und H\u00f6he des Arbeitsentgelts spielen eine Rolle.\n\u2022 Au\u00dferdem: Deine pers\u00f6nlichen Verh\u00e4ltnisse und deine Situation am Arbeitsplatz<\/code><\/pre>\n\n\n\n<p><strong>Fazit: *Vorsicht ist besser als Nachsicht*   \ud83d\ude09<\/strong><\/p>\n\n\n\n<p><strong> <\/strong><\/p>\n\n\n\n<p>Wenn ein Ger\u00e4t dann gehackt wurde, oder wenn t\u00e4glich genutzte Accounts nach einem Hack nicht mehr funktionieren, ist DER \u00c4RGER verst\u00e4ndlicherweise GROSS. &#8230; Meistens muss man leider erst die unangenehme Erfahrung machen, was alles passieren kann, wenn man nicht alle Sicherheitsvorkehrungen getroffen hat.<\/p>\n\n\n\n<p>Es geht aber auch anders \u2026<\/p>\n\n\n\n<p>Dieser Artikel enth\u00e4lt viele Tipps, wie man nach einem Missbrauch schnell vorgehen sollte. Am besten minimierst du allerdings die drohenden Risiken eines Hackerangriffs, indem du clever vorsorgst \ud83d\ude42<\/p>\n\n\n\n<figure class=\"wp-block-image size-full\"><a href=\"https:\/\/www.mr-money.de\/cookievgl.php?sp=cybr&amp;id=dmu&amp;subid=00100547\"><img loading=\"lazy\" decoding=\"async\" width=\"686\" height=\"338\" src=\"https:\/\/cyber-versicherung-experten.info\/wp-content\/uploads\/2021\/08\/Internet-Schutzbrief_deg.jpg\" alt=\"\" class=\"wp-image-320\" srcset=\"https:\/\/cyber-versicherung-experten.info\/wp-content\/uploads\/2021\/08\/Internet-Schutzbrief_deg.jpg 686w, https:\/\/cyber-versicherung-experten.info\/wp-content\/uploads\/2021\/08\/Internet-Schutzbrief_deg-300x148.jpg 300w\" sizes=\"auto, (max-width: 686px) 100vw, 686px\" \/><\/a><figcaption> <strong>Gut &amp; G\u00dcNSTIG- SCHUTZ f\u00fcr das Private Risiko !<\/strong> <\/figcaption><\/figure>\n\n\n\n<figure class=\"wp-block-image size-full\"><a href=\"https:\/\/www.cyberdirekt.de\/link\/a84b1bd1-2971-7af8-d101-c12035a47153\"><img loading=\"lazy\" decoding=\"async\" width=\"516\" height=\"289\" src=\"https:\/\/cyber-versicherung-experten.info\/wp-content\/uploads\/2021\/08\/cyberdirekt_log_2_firmen.jpg\" alt=\"\" class=\"wp-image-321\" srcset=\"https:\/\/cyber-versicherung-experten.info\/wp-content\/uploads\/2021\/08\/cyberdirekt_log_2_firmen.jpg 516w, https:\/\/cyber-versicherung-experten.info\/wp-content\/uploads\/2021\/08\/cyberdirekt_log_2_firmen-300x168.jpg 300w\" sizes=\"auto, (max-width: 516px) 100vw, 516px\" \/><\/a><\/figure>\n\n\n\n<p>Weitere Infos \u00fcber die Vor- und Nachteile eines Passwort-Managers findest du auf der Website des BMI.<\/p>\n\n\n\n<p><strong>\u00a9 Der <\/strong>diesen Artikel verfassende<strong> ROLAND-Rechtsschutz-Partner-Anwalt, Herr Rechtsanwalt Clemens Adori ist Partner der Kanzlei SCHULZ KLUGE PARTNER in Berlin.<\/strong> Er ist Fachanwalt f\u00fcr Urheber- und Medienrecht. Weitere Rechtsgebiete sind IT-Recht, Gewerblicher Rechtsschutz\/Markenrecht sowie Steuerberatung. Zudem ist er Mitglied der Gutachterkommission und des Beschwerdeausschusses der Freiwilligen Selbstkontrolle Multimedia (FSM e. V.). SCHULZ KLUGE PARTNER ist eine Partnerschaft von spezialisierten Rechtsanw\u00e4lten, die unternehmerische wie private Mandaten europaweit beraten und vertreten.<\/p>\n\n\n\n<p>[ <strong>Quelle:<\/strong> Hier den Original-Artikel lesen &#8211;&gt; <a rel=\"noreferrer noopener\" href=\"https:\/\/www.roland-rechtsschutz.de\/konto-handy-email-gehackt\/\" target=\"_blank\">https:\/\/www.roland-rechtsschutz.de\/konto-handy-email-gehackt\/<\/a> ]<br><br><img loading=\"lazy\" decoding=\"async\" width=\"150\" height=\"150\" class=\"wp-image-16\" style=\"width: 150px;\" src=\"https:\/\/cyber-versicherung-experten.info\/wp-content\/uploads\/2020\/12\/cyber-vers-experten_aufkleber_2_shp-fin-1.jpg\" alt=\"\" srcset=\"https:\/\/cyber-versicherung-experten.info\/wp-content\/uploads\/2020\/12\/cyber-vers-experten_aufkleber_2_shp-fin-1.jpg 504w, https:\/\/cyber-versicherung-experten.info\/wp-content\/uploads\/2020\/12\/cyber-vers-experten_aufkleber_2_shp-fin-1-300x300.jpg 300w, https:\/\/cyber-versicherung-experten.info\/wp-content\/uploads\/2020\/12\/cyber-vers-experten_aufkleber_2_shp-fin-1-150x150.jpg 150w\" sizes=\"auto, (max-width: 150px) 100vw, 150px\" \/><strong><mark>&gt;&gt;&gt; Unsere weiteren *TOLLE HILFE-Seiten*:<\/mark><\/strong><\/p>\n\n\n\n<p>| | <strong><mark><a href=\"https:\/\/cyber-versicherung-experten.info\/?page_id=274\"># Alle Highlights der besten Tarife<\/a><\/mark><\/strong> ||<\/p>\n\n\n\n<p>|| <strong><a href=\"https:\/\/cyber-versicherung-experten.info\/?page_id=2\"># Unsere *Anbieter Info&#8217;s*<\/a><\/strong> ||<\/p>\n","protected":false},"excerpt":{"rendered":"<p>Die besten Versicherungen &gt;&gt;&gt; online-g\u00fcnstig +++ TOP-Bedingungen +++ TOP-Service ! &gt;&gt;&gt; HILFE &#8211; ich wurde ge-*hacked*!!!! &#8212; WAS TUN ??? Ja, nur noch schnell mal &#8230; Computer\/Laptop\/Tablet an und dann kommt nur noch *FATAL ERROR*&#8230; Stattdessen musst Du jetzt gleich mehrere Fragen auf einmal beantworten: Was kann ich jetzt tun? &#8212; Was sonst wurde gehackt? &#8212; Nur mein Email-Account oder ist vielleicht sogar mein Online-Banking in Gefahr? Mit einem Schlag&hellip;<\/p>\n","protected":false},"author":1,"featured_media":0,"parent":0,"menu_order":0,"comment_status":"closed","ping_status":"closed","template":"","meta":{"footnotes":""},"class_list":["post-243","page","type-page","status-publish","hentry"],"_links":{"self":[{"href":"https:\/\/cyber-versicherung-experten.info\/index.php?rest_route=\/wp\/v2\/pages\/243","targetHints":{"allow":["GET"]}}],"collection":[{"href":"https:\/\/cyber-versicherung-experten.info\/index.php?rest_route=\/wp\/v2\/pages"}],"about":[{"href":"https:\/\/cyber-versicherung-experten.info\/index.php?rest_route=\/wp\/v2\/types\/page"}],"author":[{"embeddable":true,"href":"https:\/\/cyber-versicherung-experten.info\/index.php?rest_route=\/wp\/v2\/users\/1"}],"replies":[{"embeddable":true,"href":"https:\/\/cyber-versicherung-experten.info\/index.php?rest_route=%2Fwp%2Fv2%2Fcomments&post=243"}],"version-history":[{"count":12,"href":"https:\/\/cyber-versicherung-experten.info\/index.php?rest_route=\/wp\/v2\/pages\/243\/revisions"}],"predecessor-version":[{"id":324,"href":"https:\/\/cyber-versicherung-experten.info\/index.php?rest_route=\/wp\/v2\/pages\/243\/revisions\/324"}],"wp:attachment":[{"href":"https:\/\/cyber-versicherung-experten.info\/index.php?rest_route=%2Fwp%2Fv2%2Fmedia&parent=243"}],"curies":[{"name":"wp","href":"https:\/\/api.w.org\/{rel}","templated":true}]}}