{"id":274,"date":"2023-10-06T09:10:00","date_gmt":"2023-10-06T09:10:00","guid":{"rendered":"https:\/\/cyber-versicherung-experten.info\/?page_id=274"},"modified":"2023-10-06T12:54:18","modified_gmt":"2023-10-06T12:54:18","slug":"die-besten-tarife","status":"publish","type":"page","link":"https:\/\/cyber-versicherung-experten.info\/?page_id=274","title":{"rendered":"# Die BESTEN Tarife"},"content":{"rendered":"\n<h2 class=\"wp-block-heading\">Die besten Versicherungen &gt;&gt;&gt;<em> online<\/em>-g\u00fcnstig +++ TOP-Bedingungen +++ TOP-Service !<\/h2>\n\n\n\n<figure class=\"wp-block-image size-large\"><img loading=\"lazy\" decoding=\"async\" width=\"1024\" height=\"344\" src=\"https:\/\/cyber-versicherung-experten.info\/wp-content\/uploads\/2020\/12\/vet_web_logo_3_1400px-1024x344.jpg\" alt=\"\" class=\"wp-image-14\" srcset=\"https:\/\/cyber-versicherung-experten.info\/wp-content\/uploads\/2020\/12\/vet_web_logo_3_1400px-1024x344.jpg 1024w, https:\/\/cyber-versicherung-experten.info\/wp-content\/uploads\/2020\/12\/vet_web_logo_3_1400px-300x101.jpg 300w, https:\/\/cyber-versicherung-experten.info\/wp-content\/uploads\/2020\/12\/vet_web_logo_3_1400px-768x258.jpg 768w, https:\/\/cyber-versicherung-experten.info\/wp-content\/uploads\/2020\/12\/vet_web_logo_3_1400px.jpg 1400w\" sizes=\"auto, (max-width: 1024px) 100vw, 1024px\" \/><\/figure>\n\n\n\n<h2 class=\"wp-block-heading\"><strong>HIER \/ nachfolgend die Auswahl der wichtigsten Bedingungsteile einer *TOP-CYBER-Police*! &gt;&gt;&gt; Nur so sind Sie wirklich gut und sinnvoll gesch\u00fctzt!<\/strong><\/h2>\n\n\n\n<div id=\"section-g0ffa82\" class=\"wp-block-gutentor-e6 section-g0ffa82 gutentor-element gutentor-element-image\"><div class=\"gutentor-element-image-box\"><div class=\"gutentor-image-thumb\"><img decoding=\"async\" class=\"normal-image\" src=\"https:\/\/cyber-versicherung-experten.info\/wp-content\/uploads\/2020\/12\/cyber-direct_best-d_1.jpg\" \/><\/div><\/div><\/div>\n\n\n\n<div id=\"section-ga77d68\" class=\"wp-block-gutentor-e6 section-ga77d68 gutentor-element gutentor-element-image\"><div class=\"gutentor-element-image-box\"><div class=\"gutentor-image-thumb\"><img decoding=\"async\" class=\"normal-image\" src=\"https:\/\/cyber-versicherung-experten.info\/wp-content\/uploads\/2020\/12\/cyber-direct_best-d_2.jpg\" \/><\/div><\/div><\/div>\n\n\n\n<div id=\"section-g600f4c\" class=\"wp-block-gutentor-e6 section-g600f4c gutentor-element gutentor-element-image\"><div class=\"gutentor-element-image-box\"><div class=\"gutentor-image-thumb\"><img decoding=\"async\" class=\"normal-image\" src=\"https:\/\/cyber-versicherung-experten.info\/wp-content\/uploads\/2020\/12\/cyber-direct_best-d_3.jpg\" \/><\/div><\/div><\/div>\n\n\n\n<div id=\"section-g70a469\" class=\"wp-block-gutentor-e6 section-g70a469 gutentor-element gutentor-element-image\"><div class=\"gutentor-element-image-box\"><div class=\"gutentor-image-thumb\"><img decoding=\"async\" class=\"normal-image\" src=\"https:\/\/cyber-versicherung-experten.info\/wp-content\/uploads\/2020\/12\/cyber-direct_best-d_4.jpg\" \/><\/div><\/div><\/div>\n\n\n\n<div id=\"section-g061a02\" class=\"wp-block-gutentor-e6 section-g061a02 gutentor-element gutentor-element-image\"><div class=\"gutentor-element-image-box\"><div class=\"gutentor-image-thumb\"><img decoding=\"async\" class=\"normal-image\" src=\"https:\/\/cyber-versicherung-experten.info\/wp-content\/uploads\/2020\/12\/cyber-direct_best-d_5.jpg\" \/><\/div><\/div><\/div>\n\n\n\n<div id=\"section-gdb4f45\" class=\"wp-block-gutentor-e6 section-gdb4f45 gutentor-element gutentor-element-image\"><div class=\"gutentor-element-image-box\"><div class=\"gutentor-image-thumb\"><img decoding=\"async\" class=\"normal-image\" src=\"https:\/\/cyber-versicherung-experten.info\/wp-content\/uploads\/2020\/12\/cyber-direct_best-d_6.jpg\" \/><\/div><\/div><\/div>\n\n\n\n<div id=\"section-g7794bc\" class=\"wp-block-gutentor-e6 section-g7794bc gutentor-element gutentor-element-image\"><div class=\"gutentor-element-image-box\"><div class=\"gutentor-image-thumb\"><img decoding=\"async\" class=\"normal-image\" src=\"https:\/\/cyber-versicherung-experten.info\/wp-content\/uploads\/2020\/12\/cyber-direct_best-d_7.jpg\" \/><\/div><\/div><\/div>\n\n\n\n<p>:<\/p>\n\n\n\n<p class=\"has-medium-font-size\"><strong><a rel=\"noreferrer noopener\" href=\"https:\/\/www.cyberdirekt.de\/link\/a84b1bd1-2971-7af8-d101-c12035a47153\" target=\"_blank\">|| <mark>HIER &gt;&gt;&gt;  Ihr *individuelles ANGEBOT* &gt;&gt;&gt; ANFORDERN !<\/mark> ||<\/a><\/strong> <\/p>\n\n\n\n<h1 class=\"wp-block-heading has-text-align-center\"><strong>Hotline: 02630-83 800 82<\/strong> !<\/h1>\n\n\n\n<p class=\"has-text-align-right\">:<\/p>\n\n\n\n<figure class=\"wp-block-image size-full\"><a href=\"https:\/\/www.cyberdirekt.de\/link\/a84b1bd1-2971-7af8-d101-c12035a47153\"><img loading=\"lazy\" decoding=\"async\" width=\"516\" height=\"289\" src=\"https:\/\/cyber-versicherung-experten.info\/wp-content\/uploads\/2021\/08\/cyberdirekt_log_2_firmen.jpg\" alt=\"\" class=\"wp-image-321\" srcset=\"https:\/\/cyber-versicherung-experten.info\/wp-content\/uploads\/2021\/08\/cyberdirekt_log_2_firmen.jpg 516w, https:\/\/cyber-versicherung-experten.info\/wp-content\/uploads\/2021\/08\/cyberdirekt_log_2_firmen-300x168.jpg 300w\" sizes=\"auto, (max-width: 516px) 100vw, 516px\" \/><\/a><\/figure>\n\n\n\n<p class=\"has-text-align-right\"><strong><mark>|| <a href=\"https:\/\/cyber-versicherung-experten.info\/?p=1\">zur\u00fcck &#8211;&gt; ZUR HAUPTSEITE <\/a>? ||<\/mark><\/strong><\/p>\n\n\n\n<div id=\"section-g903b32\" class=\"wp-block-gutentor-e6 section-g903b32 gutentor-element gutentor-element-image\"><div class=\"gutentor-element-image-box\"><div class=\"gutentor-image-thumb\"><img decoding=\"async\" class=\"normal-image\" src=\"https:\/\/cyber-versicherung-experten.info\/wp-content\/uploads\/2020\/12\/cyber-direct_best-d_8.jpg\" \/><\/div><\/div><\/div>\n\n\n\n<div id=\"section-g130b37\" class=\"wp-block-gutentor-e6 section-g130b37 gutentor-element gutentor-element-image\"><div class=\"gutentor-element-image-box\"><div class=\"gutentor-image-thumb\"><img decoding=\"async\" class=\"normal-image\" src=\"https:\/\/cyber-versicherung-experten.info\/wp-content\/uploads\/2020\/12\/cyber-direct_best-d_9.jpg\" \/><\/div><\/div><\/div>\n\n\n\n<figure class=\"wp-block-image size-large\"><img loading=\"lazy\" decoding=\"async\" width=\"829\" height=\"874\" src=\"https:\/\/cyber-versicherung-experten.info\/wp-content\/uploads\/2020\/12\/cyber-direct_best-d_10.jpg\" alt=\"\" class=\"wp-image-44\" srcset=\"https:\/\/cyber-versicherung-experten.info\/wp-content\/uploads\/2020\/12\/cyber-direct_best-d_10.jpg 829w, https:\/\/cyber-versicherung-experten.info\/wp-content\/uploads\/2020\/12\/cyber-direct_best-d_10-285x300.jpg 285w, https:\/\/cyber-versicherung-experten.info\/wp-content\/uploads\/2020\/12\/cyber-direct_best-d_10-768x810.jpg 768w\" sizes=\"auto, (max-width: 829px) 100vw, 829px\" \/><\/figure>\n\n\n\n<div id=\"section-g2ff512\" class=\"wp-block-gutentor-e6 section-g2ff512 gutentor-element gutentor-element-image\"><div class=\"gutentor-element-image-box\"><div class=\"gutentor-image-thumb\"><img decoding=\"async\" class=\"normal-image\" src=\"https:\/\/cyber-versicherung-experten.info\/wp-content\/uploads\/2020\/12\/cyber-direct_best-d_11.jpg\" \/><\/div><\/div><\/div>\n\n\n\n<hr class=\"wp-block-separator has-css-opacity is-style-wide\"\/>\n\n\n\n<figure class=\"wp-block-image size-full\"><a href=\" https:\/\/www.cyberdirekt.de\/link\/a84b1bd1-2971-7af8-d101-c12035a47153\"><img loading=\"lazy\" decoding=\"async\" width=\"516\" height=\"289\" src=\"https:\/\/cyber-versicherung-experten.info\/wp-content\/uploads\/2021\/08\/cyberdirekt_log_2_firmen.jpg\" alt=\"\" class=\"wp-image-321\" srcset=\"https:\/\/cyber-versicherung-experten.info\/wp-content\/uploads\/2021\/08\/cyberdirekt_log_2_firmen.jpg 516w, https:\/\/cyber-versicherung-experten.info\/wp-content\/uploads\/2021\/08\/cyberdirekt_log_2_firmen-300x168.jpg 300w\" sizes=\"auto, (max-width: 516px) 100vw, 516px\" \/><\/a><\/figure>\n\n\n\n<hr class=\"wp-block-separator has-css-opacity is-style-wide\"\/>\n\n\n\n<p><strong><mark>+++ Cyber-Versicherung im Komplett-Paket (noch) zu teuer? \u2026 Oder: Unsicher, ob umfanfreiche Schutz-Pakete mit tw. hohen Pr\u00e4mien wirklich sinnvoll f\u00fcr Ihr Unternehmen sind ?? +++<\/mark><\/strong><br><strong><br>&gt;&gt;&gt; HIER UNSERE AKTUELLE TOP-L\u00d6SUNG:<\/strong><br><strong><br><mark>Um Unternehmen &#8211; falls noch OHNE&nbsp; Cyber-Versicherungsschutz &#8211; Unterst\u00fctzung im Cyber-Schadenfall bieten zu k\u00f6nnen, hat unser Partner COGITANDA\u00ae Claims Services GmbH das TOP-Serviceprodukt \u201eCOGITANDA\u00ae Cyber Response Service\u201c entwickelt<\/mark>.<br><\/strong><br><strong>Der *COGITANDA\u00ae Cyber Response Service*  teilt sich in zwei voneinander unabh\u00e4ngige Leistungsteile auf:<\/strong><br>&#8212;&#8212;&#8212;&#8212;&#8212;&#8212;&#8212;&#8212;&#8212;&#8212;&#8212;&#8212;&#8212;&#8212;&#8212;&#8212;&#8212;&#8212;&#8212;-<\/p>\n\n\n\n<p><strong>Der 1. Leistungsteil <\/strong>&#8211; mit dem Namen &#8222;<strong>24\/7 NOTIFICATION AND INITIAL RESPONSE<\/strong>&#8220; &#8211;&gt; beinhaltet:<br># <strong>die Bereitstellung einer 24\/7-Notfall-Hotline zur Meldung eines Cyber Incidents\/Vorfalls durch den Kunden<\/strong><br>\u2026 sowie<br># <strong>Hilfestellung(en)<\/strong> bei\/zu initiale\/n Analysen <strong>durch das sehr erfahrene<\/strong>  <strong>COGITANDA\u00ae-Experten-Team<\/strong> zur Aufkl\u00e4rung von Ursache, m\u00f6glichem Ausma\u00df und geeigneter Ma\u00dfnahmen.<br><br><strong>2. Dar\u00fcber hinaus kann dann &#8211; zu weiteren L\u00f6sung von Problemen &#8211; die Option auf <\/strong>(dann nat\u00fcrlich kostenpflichtigen) <strong>Einsatz des hochspezialisierten Experten-Netzwerks<\/strong> und der Kapazit\u00e4ten der COGITANDA\u00ae Claims Services GmbH <strong>abrufen werden!<\/strong><br><\/p>\n\n\n\n<figure class=\"wp-block-image size-full\"><img loading=\"lazy\" decoding=\"async\" width=\"990\" height=\"890\" src=\"https:\/\/cyber-versicherung-experten.info\/wp-content\/uploads\/2022\/09\/Cogitanda__Cyber-Response-Service_Highlights.jpg\" alt=\"\" class=\"wp-image-370\" srcset=\"https:\/\/cyber-versicherung-experten.info\/wp-content\/uploads\/2022\/09\/Cogitanda__Cyber-Response-Service_Highlights.jpg 990w, https:\/\/cyber-versicherung-experten.info\/wp-content\/uploads\/2022\/09\/Cogitanda__Cyber-Response-Service_Highlights-300x270.jpg 300w, https:\/\/cyber-versicherung-experten.info\/wp-content\/uploads\/2022\/09\/Cogitanda__Cyber-Response-Service_Highlights-768x690.jpg 768w\" sizes=\"auto, (max-width: 990px) 100vw, 990px\" \/><\/figure>\n\n\n\n<p><strong><a rel=\"noreferrer noopener\" href=\"https:\/\/www.cyberdirekt.de\/link\/a84b1bd1-2971-7af8-d101-c12035a47153\" target=\"_blank\">| <\/a><mark><a rel=\"noreferrer noopener\" href=\"https:\/\/www.cyber-versicherung-experten.info\/?page_id=2\" target=\"_blank\">HIER &gt;&gt;&gt;  Ihr *individuelles ANGEBOT* &gt;&gt;&gt; ANFORDERN !<\/a><\/mark><a rel=\"noreferrer noopener\" href=\"https:\/\/www.cyber-versicherung-experten.info\/?page_id=2\" target=\"_blank\"> <\/a><a rel=\"noreferrer noopener\" href=\"https:\/\/www.cyberdirekt.de\/link\/a84b1bd1-2971-7af8-d101-c12035a47153\" target=\"_blank\">||<\/a><\/strong> <\/p>\n\n\n<div class=\"wp-block-image\">\n<figure class=\"aligncenter size-full\"><a href=\"https:\/\/www.cyber-versicherung-experten.info\/?page_id=2\"><img loading=\"lazy\" decoding=\"async\" width=\"160\" height=\"155\" src=\"https:\/\/cyber-versicherung-experten.info\/wp-content\/uploads\/2020\/12\/contact_n.jpg\" alt=\"\" class=\"wp-image-82\"\/><\/a><\/figure>\n<\/div>\n\n\n<hr class=\"wp-block-separator has-css-opacity is-style-wide\"\/>\n\n\n\n<h3 class=\"wp-block-heading\"> +++ <strong> Einen der besten Tarife zur Absicherung gegen Gefahren aus dem *<em>WWW<\/em> * mit rein PRIVATER NUTZUNG &#8230; finden Sie hier<\/strong> <strong>&gt;&gt;&gt;<\/strong> <\/h3>\n\n\n\n<figure class=\"wp-block-image size-full is-resized\"><a href=\"https:\/\/www.mr-money.de\/cookievgl.php?sp=cybr&amp;id=dmu&amp;subid=00100547\"><img loading=\"lazy\" decoding=\"async\" src=\"https:\/\/cyber-versicherung-experten.info\/wp-content\/uploads\/2021\/08\/Internet-Schutzbrief_deg.jpg\" alt=\"\" class=\"wp-image-320\" style=\"width:686px;height:338px\" width=\"686\" height=\"338\" srcset=\"https:\/\/cyber-versicherung-experten.info\/wp-content\/uploads\/2021\/08\/Internet-Schutzbrief_deg.jpg 686w, https:\/\/cyber-versicherung-experten.info\/wp-content\/uploads\/2021\/08\/Internet-Schutzbrief_deg-300x148.jpg 300w\" sizes=\"auto, (max-width: 686px) 100vw, 686px\" \/><\/a><figcaption class=\"wp-element-caption\"><strong>GUT &amp; G\u00dcNSTIG-Schutz f\u00fcr Private Risiken !<\/strong><\/figcaption><\/figure>\n\n\n\n<p><strong><a href=\"https:\/\/www.mr-money.de\/cookievgl.php?sp=cybr&amp;id=dmu&amp;subid=00100547\">>>> hier ALLE weiteren INFO&#8217;s und ONLINE-Direkt-Abschluss !!<\/a><\/strong><\/p>\n\n\n\n<hr class=\"wp-block-separator has-alpha-channel-opacity is-style-wide\"\/>\n\n\n\n<p>Eine ALTERNATIVE f\u00fcr die Absichherung im rein PRIVATEN RAHMEN k\u00f6nnte auch die Folgende sein \u2026 Schauen Sie mal rein \ud83d\ude42<\/p>\n\n\n\n<figure class=\"wp-block-image size-full\"><a href=\"https:\/\/www.intercyberguard.de\/?poolnr=560094&amp;poolemail=antrag@kvwerk.de&amp;vermnr2=10303&amp;vermemail2=rw@ve-t.de\"><img loading=\"lazy\" decoding=\"async\" width=\"764\" height=\"672\" src=\"https:\/\/cyber-versicherung-experten.info\/wp-content\/uploads\/2023\/10\/Inter_CyberGuard_priv.Home_2_fin_23.jpg\" alt=\"\" class=\"wp-image-456\" srcset=\"https:\/\/cyber-versicherung-experten.info\/wp-content\/uploads\/2023\/10\/Inter_CyberGuard_priv.Home_2_fin_23.jpg 764w, https:\/\/cyber-versicherung-experten.info\/wp-content\/uploads\/2023\/10\/Inter_CyberGuard_priv.Home_2_fin_23-300x264.jpg 300w\" sizes=\"auto, (max-width: 764px) 100vw, 764px\" \/><\/a><\/figure>\n\n\n\n<p><strong>[<\/strong> <strong>HINWEIS! Die im Bild gezeigten Aufstellungen sind nur ausschnittsweise dargestellt !]<\/strong><br><strong>&#8230; Da gibt es noch viele weiter tolle Deckungsinhalte mehr &#8230; <\/strong><a rel=\"noreferrer noopener\" href=\"https:\/\/www.intercyberguard.de\/?poolnr=560094&amp;poolemail=antrag@kvwerk.de&amp;vermnr2=10303&amp;vermemail2=rw@ve-t.de\" target=\"_blank\"><strong>&gt;&gt;&gt; hier ALLE weiteren INFO&#8217;s und ONLINE-Direkt-Abschluss !!<\/strong><\/a><\/p>\n\n\n\n<hr class=\"wp-block-separator has-css-opacity is-style-wide\"\/>\n\n\n\n<div id=\"section-g18feb1\" class=\"wp-block-gutentor-e6 section-g18feb1 gutentor-element gutentor-element-image\"><div class=\"gutentor-element-image-box\"><div class=\"gutentor-image-thumb\"><img decoding=\"async\" class=\"normal-image\" src=\"https:\/\/cyber-versicherung-experten.info\/wp-content\/uploads\/2020\/12\/VET_Logo_14-A-Stempel.jpg\" \/><\/div><\/div><\/div>\n\n\n\n<p><\/p>\n\n\n\n<p><strong><a rel=\"noreferrer noopener\" href=\"https:\/\/www.cyberdirekt.de\/link\/a84b1bd1-2971-7af8-d101-c12035a47153\" target=\"_blank\">|| <\/a><mark><a href=\"https:\/\/www.ve-t.de\/common\/info\/kontakt.html\" target=\"_blank\" rel=\"noreferrer noopener\">HIER &gt;&gt;&gt; Ihr *individuelles ANGEBOT* &gt;&gt;&gt; ANFORDERN !<\/a><\/mark><a rel=\"noreferrer noopener\" href=\"https:\/\/www.cyberdirekt.de\/link\/a84b1bd1-2971-7af8-d101-c12035a47153\" target=\"_blank\"> ||<\/a><\/strong><\/p>\n\n\n\n<h3 class=\"wp-block-heading\">&gt;&gt;&gt; HIER telefonisch SOFORT Ihr Angebot anfordern | <br><br><mark>02630 &#8211; 8380082<\/mark> <\/h3>\n\n\n\n<p class=\"has-text-align-left\"><a rel=\"noreferrer noopener\" href=\"https:\/\/www.ve-t.de\/common\/info\/kontakt.html\" target=\"_blank\"><img loading=\"lazy\" decoding=\"async\" width=\"150\" height=\"145\" class=\"wp-image-82\" style=\"width: 150px;\" src=\"https:\/\/cyber-versicherung-experten.info\/wp-content\/uploads\/2020\/12\/contact_n.jpg\" alt=\"\"><\/a><\/p>\n\n\n\n<p><br>_________________________________________<br>:<\/p>\n\n\n\n<p class=\"has-black-color has-text-color\">|| <strong><a href=\"https:\/\/cyber-versicherung-experten.info\/?page_id=2\"><mark># Anbieter Info&#8217;s<\/mark><\/a><\/strong> | <strong><mark><a href=\"https:\/\/cyber-versicherung-experten.info\/?p=1\"># Start-Seite<\/a><\/mark><\/strong> | <strong><a href=\"https:\/\/cyber-versicherung-experten.info\/?page_id=243\"><mark># HILFE &#8211; ge*hacked* <\/mark>!<\/a><\/strong> ||<br>_________________________________________<\/p>\n\n\n\n<p><\/p>\n","protected":false},"excerpt":{"rendered":"<p>Die besten Versicherungen &gt;&gt;&gt; online-g\u00fcnstig +++ TOP-Bedingungen +++ TOP-Service ! HIER \/ nachfolgend die Auswahl der wichtigsten Bedingungsteile einer *TOP-CYBER-Police*! &gt;&gt;&gt; Nur so sind Sie wirklich gut und sinnvoll gesch\u00fctzt! : || HIER &gt;&gt;&gt; Ihr *individuelles ANGEBOT* &gt;&gt;&gt; ANFORDERN ! || Hotline: 02630-83 800 82 ! : || zur\u00fcck &#8211;&gt; ZUR HAUPTSEITE ? || +++ Cyber-Versicherung im Komplett-Paket (noch) zu teuer? \u2026 Oder: Unsicher, ob umfanfreiche Schutz-Pakete mit tw. hohen&hellip;<\/p>\n","protected":false},"author":1,"featured_media":0,"parent":0,"menu_order":0,"comment_status":"closed","ping_status":"closed","template":"","meta":{"footnotes":""},"class_list":["post-274","page","type-page","status-publish","hentry"],"_links":{"self":[{"href":"https:\/\/cyber-versicherung-experten.info\/index.php?rest_route=\/wp\/v2\/pages\/274","targetHints":{"allow":["GET"]}}],"collection":[{"href":"https:\/\/cyber-versicherung-experten.info\/index.php?rest_route=\/wp\/v2\/pages"}],"about":[{"href":"https:\/\/cyber-versicherung-experten.info\/index.php?rest_route=\/wp\/v2\/types\/page"}],"author":[{"embeddable":true,"href":"https:\/\/cyber-versicherung-experten.info\/index.php?rest_route=\/wp\/v2\/users\/1"}],"replies":[{"embeddable":true,"href":"https:\/\/cyber-versicherung-experten.info\/index.php?rest_route=%2Fwp%2Fv2%2Fcomments&post=274"}],"version-history":[{"count":35,"href":"https:\/\/cyber-versicherung-experten.info\/index.php?rest_route=\/wp\/v2\/pages\/274\/revisions"}],"predecessor-version":[{"id":472,"href":"https:\/\/cyber-versicherung-experten.info\/index.php?rest_route=\/wp\/v2\/pages\/274\/revisions\/472"}],"wp:attachment":[{"href":"https:\/\/cyber-versicherung-experten.info\/index.php?rest_route=%2Fwp%2Fv2%2Fmedia&parent=274"}],"curies":[{"name":"wp","href":"https:\/\/api.w.org\/{rel}","templated":true}]}}